{"id":38,"date":"2016-08-10T12:34:21","date_gmt":"2016-08-10T11:34:21","guid":{"rendered":"http:\/\/okaeri-anatanosewa.com\/wordpress\/?page_id=38"},"modified":"2020-07-20T18:19:33","modified_gmt":"2020-07-20T17:19:33","slug":"bienvenue","status":"publish","type":"page","link":"https:\/\/okaeri-anatanosewa.com\/wordpress\/bienvenue\/","title":{"rendered":"Bienvenue !"},"content":{"rendered":"<p style=\"text-align: justify;\"><a href=\"https:\/\/okaeri-anatanosewa.com\/wordpress\/wp-content\/uploads\/2016\/08\/WP-KANGEI.jpg\"><img class=\"size-medium wp-image-39 alignleft lws-optimize-lazyload\"  alt=\"WP KANGEI\" width=\"256\" height=\"300\" data-src=\"https:\/\/okaeri-anatanosewa.com\/wordpress\/wp-content\/uploads\/2016\/08\/WP-KANGEI-256x300.jpg\" srcset=\"https:\/\/okaeri-anatanosewa.com\/wordpress\/wp-content\/uploads\/2016\/08\/WP-KANGEI-256x300.jpg 256w, https:\/\/okaeri-anatanosewa.com\/wordpress\/wp-content\/uploads\/2016\/08\/WP-KANGEI.jpg 599w\" sizes=\"(max-width: 256px) 100vw, 256px\" \/><span style=\"color: #4b0000;\">Bonjour \u00e0 toutes et \u00e0 tous<\/span><\/a><span style=\"color: #4b0000;\"> !<\/span><\/p>\n<p style=\"text-align: center;\"><strong><span style=\"color: #4b0000;\">Aurore GRELOT<\/span><\/strong><\/p>\n<p style=\"text-align: center;\"><strong><span style=\"color: #4b0000;\">sp\u00e9cialiste en massages japonais et<\/span><\/strong> <strong><span style=\"color: #4b0000;\">Naturopathe<\/span><\/strong><\/p>\n<p style=\"text-align: justify;\"><span style=\"color: #4b0000;\">Je vous souhaite la bienvenue sur mon site. J&rsquo;esp\u00e8re qu&rsquo;il vous donnera envie de venir me rendre visite.<\/span><\/p>\n<p style=\"text-align: justify;\"><span style=\"color: #4b0000;\">Si vous avez des p\u00e9riodes de stress, des difficult\u00e9s \u00e0 vous calmer ou \u00e0 vous d\u00e9tendre, les massages Anma et autres peuvent vous aider \u00e0 faire face \u00e0 ce rythme de vie moderne. D\u00e9tendre son corps qui inscrit chaque \u00e9motion de la vie permet d&rsquo;\u00e9liminer certains maux. Car quand le corps se d\u00e9tend, l&rsquo;esprit et les \u00e9motions s&rsquo;unissent pour soutenir et am\u00e9liorer toutes les fonctions du corps &nbsp;et je souhaiterai que vous en fassiez vous-m\u00eame l&rsquo;exp\u00e9rience.<\/span><\/p>\n<p style=\"text-align: justify;\"><span style=\"color: #4b0000;\">Je ne vous propose pas du r\u00eave mais je vous invite \u00e0 recevoir des massages qui procurent un r\u00e9el bien-\u00eatre dans une ambiance cocooning, respectueuse et familiale.<\/span><\/p>\n<p><span style=\"color: #4b0000;\">De plus, en combinant les bienfaits de la Naturopathie, nous pouvons d\u00e9couvrir ensemble le chemin qui vous m\u00e8nera \u00e0 un mieux-\u00eatre en r\u00e9\u00e9quilibrant et en renfor\u00e7ant votre corps le plus naturellement possible.<\/span><\/p>\n<p style=\"text-align: justify;\"><span style=\"color: #4b0000;\">Au fait savez-vous ce que signifie \u00ab&nbsp;OKAERI&nbsp;\u00bb&nbsp;? C&rsquo;est une salutation qui signifie&nbsp;: bon retour \u00e0 la maison.<\/span><\/p>\n<p style=\"text-align: justify;\"><span style=\"color: #4b0000;\">Et c&rsquo;est exactement ce que je veux que vous ressentiez quand vous franchirez le seuil de mon petit salon.<\/span><\/p>\n<p style=\"text-align: justify;\"><span style=\"color: #4b0000;\">Alors je vous attends&nbsp;!<br \/>\n<\/span><\/p>\n<p style=\"text-align: center;\"><iframe  allowfullscreen=\"allowfullscreen\" width=\"427\" height=\"240\" frameborder=\"0\" class=\"lws-optimize-lazyload\" data-src=\"https:\/\/www.youtube.com\/embed\/AurRFrZ96UE\"><\/iframe><\/p>\n","protected":false},"excerpt":{"rendered":"<p>Bonjour \u00e0 toutes et \u00e0 tous ! Aurore GRELOT sp\u00e9cialiste en massages japonais et Naturopathe Je vous souhaite la bienvenue sur mon site. J&rsquo;esp\u00e8re qu&rsquo;il vous donnera envie de venir me rendre visite. Si vous avez des p\u00e9riodes de stress, des difficult\u00e9s \u00e0 vous calmer ou \u00e0 vous d\u00e9tendre, les massages Anma et autres peuvent [&hellip;]<\/p>\n","protected":false},"author":1,"featured_media":39,"parent":0,"menu_order":1,"comment_status":"closed","ping_status":"closed","template":"","meta":{"om_disable_all_campaigns":false,"_monsterinsights_skip_tracking":false,"_monsterinsights_sitenote_active":false,"_monsterinsights_sitenote_note":"","_monsterinsights_sitenote_category":0,"footnotes":""},"class_list":["post-38","page","type-page","status-publish","has-post-thumbnail","hentry"],"yoast_head":"<!-- This site is optimized with the Yoast SEO plugin v27.5 - https:\/\/yoast.com\/product\/yoast-seo-wordpress\/ -->\n<title>Bienvenue ! - Okaeri Anata No Sewa<\/title>\n<meta name=\"robots\" content=\"index, follow, max-snippet:-1, max-image-preview:large, max-video-preview:-1\" \/>\n<link rel=\"canonical\" href=\"https:\/\/okaeri-anatanosewa.com\/wordpress\/bienvenue\/\" \/>\n<meta property=\"og:locale\" content=\"fr_FR\" \/>\n<meta property=\"og:type\" content=\"article\" \/>\n<meta property=\"og:title\" content=\"Bienvenue ! - Okaeri Anata No Sewa\" \/>\n<meta property=\"og:description\" content=\"Bonjour \u00e0 toutes et \u00e0 tous ! Aurore GRELOT sp\u00e9cialiste en massages japonais et Naturopathe Je vous souhaite la bienvenue sur mon site. J&rsquo;esp\u00e8re qu&rsquo;il vous donnera envie de venir me rendre visite. Si vous avez des p\u00e9riodes de stress, des difficult\u00e9s \u00e0 vous calmer ou \u00e0 vous d\u00e9tendre, les massages Anma et autres peuvent [&hellip;]\" \/>\n<meta property=\"og:url\" content=\"https:\/\/okaeri-anatanosewa.com\/wordpress\/bienvenue\/\" \/>\n<meta property=\"og:site_name\" content=\"Okaeri Anata No Sewa\" \/>\n<meta property=\"article:publisher\" content=\"https:\/\/www.facebook.com\/okaeri.anatanosewa\/?ref=bookmarks\" \/>\n<meta property=\"article:modified_time\" content=\"2020-07-20T17:19:33+00:00\" \/>\n<meta property=\"og:image\" content=\"https:\/\/okaeri-anatanosewa.com\/wordpress\/wp-content\/uploads\/2016\/08\/WP-KANGEI.jpg\" \/>\n\t<meta property=\"og:image:width\" content=\"599\" \/>\n\t<meta property=\"og:image:height\" content=\"701\" \/>\n\t<meta property=\"og:image:type\" content=\"image\/jpeg\" \/>\n<meta name=\"twitter:label1\" content=\"Dur\u00e9e de lecture estim\u00e9e\" \/>\n\t<meta name=\"twitter:data1\" content=\"1 minute\" \/>\n<script type=\"application\/ld+json\" class=\"yoast-schema-graph\">{\"@context\":\"https:\\\/\\\/schema.org\",\"@graph\":[{\"@type\":\"WebPage\",\"@id\":\"https:\\\/\\\/okaeri-anatanosewa.com\\\/wordpress\\\/bienvenue\\\/\",\"url\":\"https:\\\/\\\/okaeri-anatanosewa.com\\\/wordpress\\\/bienvenue\\\/\",\"name\":\"Bienvenue ! - Okaeri Anata No Sewa\",\"isPartOf\":{\"@id\":\"https:\\\/\\\/okaeri-anatanosewa.com\\\/wordpress\\\/#website\"},\"primaryImageOfPage\":{\"@id\":\"https:\\\/\\\/okaeri-anatanosewa.com\\\/wordpress\\\/bienvenue\\\/#primaryimage\"},\"image\":{\"@id\":\"https:\\\/\\\/okaeri-anatanosewa.com\\\/wordpress\\\/bienvenue\\\/#primaryimage\"},\"thumbnailUrl\":\"https:\\\/\\\/okaeri-anatanosewa.com\\\/wordpress\\\/wp-content\\\/uploads\\\/2016\\\/08\\\/WP-KANGEI.jpg\",\"datePublished\":\"2016-08-10T11:34:21+00:00\",\"dateModified\":\"2020-07-20T17:19:33+00:00\",\"breadcrumb\":{\"@id\":\"https:\\\/\\\/okaeri-anatanosewa.com\\\/wordpress\\\/bienvenue\\\/#breadcrumb\"},\"inLanguage\":\"fr-FR\",\"potentialAction\":[{\"@type\":\"ReadAction\",\"target\":[\"https:\\\/\\\/okaeri-anatanosewa.com\\\/wordpress\\\/bienvenue\\\/\"]}]},{\"@type\":\"ImageObject\",\"inLanguage\":\"fr-FR\",\"@id\":\"https:\\\/\\\/okaeri-anatanosewa.com\\\/wordpress\\\/bienvenue\\\/#primaryimage\",\"url\":\"https:\\\/\\\/okaeri-anatanosewa.com\\\/wordpress\\\/wp-content\\\/uploads\\\/2016\\\/08\\\/WP-KANGEI.jpg\",\"contentUrl\":\"https:\\\/\\\/okaeri-anatanosewa.com\\\/wordpress\\\/wp-content\\\/uploads\\\/2016\\\/08\\\/WP-KANGEI.jpg\",\"width\":599,\"height\":701},{\"@type\":\"BreadcrumbList\",\"@id\":\"https:\\\/\\\/okaeri-anatanosewa.com\\\/wordpress\\\/bienvenue\\\/#breadcrumb\",\"itemListElement\":[{\"@type\":\"ListItem\",\"position\":1,\"name\":\"Accueil\",\"item\":\"https:\\\/\\\/okaeri-anatanosewa.com\\\/wordpress\\\/\"},{\"@type\":\"ListItem\",\"position\":2,\"name\":\"Bienvenue !\"}]},{\"@type\":\"WebSite\",\"@id\":\"https:\\\/\\\/okaeri-anatanosewa.com\\\/wordpress\\\/#website\",\"url\":\"https:\\\/\\\/okaeri-anatanosewa.com\\\/wordpress\\\/\",\"name\":\"Okaeri Anata No Sewa\",\"description\":\"prendre soin de vous !\",\"publisher\":{\"@id\":\"https:\\\/\\\/okaeri-anatanosewa.com\\\/wordpress\\\/#organization\"},\"potentialAction\":[{\"@type\":\"SearchAction\",\"target\":{\"@type\":\"EntryPoint\",\"urlTemplate\":\"https:\\\/\\\/okaeri-anatanosewa.com\\\/wordpress\\\/?s={search_term_string}\"},\"query-input\":{\"@type\":\"PropertyValueSpecification\",\"valueRequired\":true,\"valueName\":\"search_term_string\"}}],\"inLanguage\":\"fr-FR\"},{\"@type\":\"Organization\",\"@id\":\"https:\\\/\\\/okaeri-anatanosewa.com\\\/wordpress\\\/#organization\",\"name\":\"OKAERI\",\"url\":\"https:\\\/\\\/okaeri-anatanosewa.com\\\/wordpress\\\/\",\"logo\":{\"@type\":\"ImageObject\",\"inLanguage\":\"fr-FR\",\"@id\":\"https:\\\/\\\/okaeri-anatanosewa.com\\\/wordpress\\\/#\\\/schema\\\/logo\\\/image\\\/\",\"url\":\"https:\\\/\\\/okaeri-anatanosewa.com\\\/wordpress\\\/wp-content\\\/uploads\\\/2018\\\/02\\\/okaeri.jpg\",\"contentUrl\":\"https:\\\/\\\/okaeri-anatanosewa.com\\\/wordpress\\\/wp-content\\\/uploads\\\/2018\\\/02\\\/okaeri.jpg\",\"width\":675,\"height\":533,\"caption\":\"OKAERI\"},\"image\":{\"@id\":\"https:\\\/\\\/okaeri-anatanosewa.com\\\/wordpress\\\/#\\\/schema\\\/logo\\\/image\\\/\"},\"sameAs\":[\"https:\\\/\\\/www.facebook.com\\\/okaeri.anatanosewa\\\/?ref=bookmarks\",\"https:\\\/\\\/www.youtube.com\\\/channel\\\/UC0zG9PzyLrQvzxWtyFoHbPg?view_as=subscriber\"]}]}<\/script>\n<!-- \/ Yoast SEO plugin. -->","yoast_head_json":{"title":"Bienvenue ! - Okaeri Anata No Sewa","robots":{"index":"index","follow":"follow","max-snippet":"max-snippet:-1","max-image-preview":"max-image-preview:large","max-video-preview":"max-video-preview:-1"},"canonical":"https:\/\/okaeri-anatanosewa.com\/wordpress\/bienvenue\/","og_locale":"fr_FR","og_type":"article","og_title":"Bienvenue ! - Okaeri Anata No Sewa","og_description":"Bonjour \u00e0 toutes et \u00e0 tous ! Aurore GRELOT sp\u00e9cialiste en massages japonais et Naturopathe Je vous souhaite la bienvenue sur mon site. J&rsquo;esp\u00e8re qu&rsquo;il vous donnera envie de venir me rendre visite. Si vous avez des p\u00e9riodes de stress, des difficult\u00e9s \u00e0 vous calmer ou \u00e0 vous d\u00e9tendre, les massages Anma et autres peuvent [&hellip;]","og_url":"https:\/\/okaeri-anatanosewa.com\/wordpress\/bienvenue\/","og_site_name":"Okaeri Anata No Sewa","article_publisher":"https:\/\/www.facebook.com\/okaeri.anatanosewa\/?ref=bookmarks","article_modified_time":"2020-07-20T17:19:33+00:00","og_image":[{"width":599,"height":701,"url":"https:\/\/okaeri-anatanosewa.com\/wordpress\/wp-content\/uploads\/2016\/08\/WP-KANGEI.jpg","type":"image\/jpeg"}],"twitter_misc":{"Dur\u00e9e de lecture estim\u00e9e":"1 minute"},"schema":{"@context":"https:\/\/schema.org","@graph":[{"@type":"WebPage","@id":"https:\/\/okaeri-anatanosewa.com\/wordpress\/bienvenue\/","url":"https:\/\/okaeri-anatanosewa.com\/wordpress\/bienvenue\/","name":"Bienvenue ! - Okaeri Anata No Sewa","isPartOf":{"@id":"https:\/\/okaeri-anatanosewa.com\/wordpress\/#website"},"primaryImageOfPage":{"@id":"https:\/\/okaeri-anatanosewa.com\/wordpress\/bienvenue\/#primaryimage"},"image":{"@id":"https:\/\/okaeri-anatanosewa.com\/wordpress\/bienvenue\/#primaryimage"},"thumbnailUrl":"https:\/\/okaeri-anatanosewa.com\/wordpress\/wp-content\/uploads\/2016\/08\/WP-KANGEI.jpg","datePublished":"2016-08-10T11:34:21+00:00","dateModified":"2020-07-20T17:19:33+00:00","breadcrumb":{"@id":"https:\/\/okaeri-anatanosewa.com\/wordpress\/bienvenue\/#breadcrumb"},"inLanguage":"fr-FR","potentialAction":[{"@type":"ReadAction","target":["https:\/\/okaeri-anatanosewa.com\/wordpress\/bienvenue\/"]}]},{"@type":"ImageObject","inLanguage":"fr-FR","@id":"https:\/\/okaeri-anatanosewa.com\/wordpress\/bienvenue\/#primaryimage","url":"https:\/\/okaeri-anatanosewa.com\/wordpress\/wp-content\/uploads\/2016\/08\/WP-KANGEI.jpg","contentUrl":"https:\/\/okaeri-anatanosewa.com\/wordpress\/wp-content\/uploads\/2016\/08\/WP-KANGEI.jpg","width":599,"height":701},{"@type":"BreadcrumbList","@id":"https:\/\/okaeri-anatanosewa.com\/wordpress\/bienvenue\/#breadcrumb","itemListElement":[{"@type":"ListItem","position":1,"name":"Accueil","item":"https:\/\/okaeri-anatanosewa.com\/wordpress\/"},{"@type":"ListItem","position":2,"name":"Bienvenue !"}]},{"@type":"WebSite","@id":"https:\/\/okaeri-anatanosewa.com\/wordpress\/#website","url":"https:\/\/okaeri-anatanosewa.com\/wordpress\/","name":"Okaeri Anata No Sewa","description":"prendre soin de vous !","publisher":{"@id":"https:\/\/okaeri-anatanosewa.com\/wordpress\/#organization"},"potentialAction":[{"@type":"SearchAction","target":{"@type":"EntryPoint","urlTemplate":"https:\/\/okaeri-anatanosewa.com\/wordpress\/?s={search_term_string}"},"query-input":{"@type":"PropertyValueSpecification","valueRequired":true,"valueName":"search_term_string"}}],"inLanguage":"fr-FR"},{"@type":"Organization","@id":"https:\/\/okaeri-anatanosewa.com\/wordpress\/#organization","name":"OKAERI","url":"https:\/\/okaeri-anatanosewa.com\/wordpress\/","logo":{"@type":"ImageObject","inLanguage":"fr-FR","@id":"https:\/\/okaeri-anatanosewa.com\/wordpress\/#\/schema\/logo\/image\/","url":"https:\/\/okaeri-anatanosewa.com\/wordpress\/wp-content\/uploads\/2018\/02\/okaeri.jpg","contentUrl":"https:\/\/okaeri-anatanosewa.com\/wordpress\/wp-content\/uploads\/2018\/02\/okaeri.jpg","width":675,"height":533,"caption":"OKAERI"},"image":{"@id":"https:\/\/okaeri-anatanosewa.com\/wordpress\/#\/schema\/logo\/image\/"},"sameAs":["https:\/\/www.facebook.com\/okaeri.anatanosewa\/?ref=bookmarks","https:\/\/www.youtube.com\/channel\/UC0zG9PzyLrQvzxWtyFoHbPg?view_as=subscriber"]}]}},"_links":{"self":[{"href":"https:\/\/okaeri-anatanosewa.com\/wordpress\/wp-json\/wp\/v2\/pages\/38","targetHints":{"allow":["GET"]}}],"collection":[{"href":"https:\/\/okaeri-anatanosewa.com\/wordpress\/wp-json\/wp\/v2\/pages"}],"about":[{"href":"https:\/\/okaeri-anatanosewa.com\/wordpress\/wp-json\/wp\/v2\/types\/page"}],"author":[{"embeddable":true,"href":"https:\/\/okaeri-anatanosewa.com\/wordpress\/wp-json\/wp\/v2\/users\/1"}],"replies":[{"embeddable":true,"href":"https:\/\/okaeri-anatanosewa.com\/wordpress\/wp-json\/wp\/v2\/comments?post=38"}],"version-history":[{"count":11,"href":"https:\/\/okaeri-anatanosewa.com\/wordpress\/wp-json\/wp\/v2\/pages\/38\/revisions"}],"predecessor-version":[{"id":339,"href":"https:\/\/okaeri-anatanosewa.com\/wordpress\/wp-json\/wp\/v2\/pages\/38\/revisions\/339"}],"wp:featuredmedia":[{"embeddable":true,"href":"https:\/\/okaeri-anatanosewa.com\/wordpress\/wp-json\/wp\/v2\/media\/39"}],"wp:attachment":[{"href":"https:\/\/okaeri-anatanosewa.com\/wordpress\/wp-json\/wp\/v2\/media?parent=38"}],"curies":[{"name":"wp","href":"https:\/\/api.w.org\/{rel}","templated":true}]}}